{"id":2977,"date":"2020-08-17T14:42:04","date_gmt":"2020-08-17T14:42:04","guid":{"rendered":"https:\/\/maglificioessepi.net\/entreprise\/"},"modified":"2025-12-10T14:21:43","modified_gmt":"2025-12-10T14:21:43","slug":"entreprise","status":"publish","type":"page","link":"https:\/\/maglificioessepi.net\/fr\/entreprise\/","title":{"rendered":"Entreprise"},"content":{"rendered":"\t\t<div data-elementor-type=\"wp-page\" data-elementor-id=\"2977\" class=\"elementor elementor-2977 elementor-215\">\n\t\t\t\t\t\t<section class=\"elementor-section elementor-top-section elementor-element elementor-element-dae2a93 ct-section-stretched elementor-section-height-min-height elementor-section-boxed elementor-section-height-default elementor-section-items-middle\" data-id=\"dae2a93\" data-element_type=\"section\" data-settings=\"{&quot;background_background&quot;:&quot;classic&quot;}\">\n\t\t\t\t\t\t\t<div class=\"elementor-background-overlay\"><\/div>\n\t\t\t\t\t\t\t<div class=\"elementor-container elementor-column-gap-default\">\n\t\t\t\t\t<div class=\"elementor-column elementor-col-50 elementor-top-column elementor-element elementor-element-f1fee65\" data-id=\"f1fee65\" data-element_type=\"column\">\n\t\t\t<div class=\"elementor-widget-wrap elementor-element-populated\">\n\t\t\t\t\t\t<div class=\"elementor-element elementor-element-192cae6 elementor-invisible elementor-widget elementor-widget-heading\" data-id=\"192cae6\" data-element_type=\"widget\" data-settings=\"{&quot;_animation&quot;:&quot;fadeInUp&quot;}\" data-widget_type=\"heading.default\">\n\t\t\t\t<div class=\"elementor-widget-container\">\n\t\t\t\t\t<h2 class=\"elementor-heading-title elementor-size-default\">Entreprise<\/h2>\t\t\t\t<\/div>\n\t\t\t\t<\/div>\n\t\t\t\t<div class=\"elementor-element elementor-element-11d927f elementor-widget elementor-widget-heading\" data-id=\"11d927f\" data-element_type=\"widget\" data-widget_type=\"heading.default\">\n\t\t\t\t<div class=\"elementor-widget-container\">\n\t\t\t\t\t<h2 class=\"elementor-heading-title elementor-size-default\"><span class=\"animate-text\">Depuis 1952, la tradition prend forme dans le tricot.<\/span><\/h2>\t\t\t\t<\/div>\n\t\t\t\t<\/div>\n\t\t\t\t\t<\/div>\n\t\t<\/div>\n\t\t\t\t<div class=\"elementor-column elementor-col-50 elementor-top-column elementor-element elementor-element-14be3c3 elementor-hidden-tablet elementor-hidden-phone\" data-id=\"14be3c3\" data-element_type=\"column\" data-settings=\"{&quot;background_background&quot;:&quot;classic&quot;}\">\n\t\t\t<div class=\"elementor-widget-wrap elementor-element-populated\">\n\t\t\t\t\t\t<div class=\"elementor-element elementor-element-de37b7d elementor-widget elementor-widget-spacer\" data-id=\"de37b7d\" data-element_type=\"widget\" data-widget_type=\"spacer.default\">\n\t\t\t\t<div class=\"elementor-widget-container\">\n\t\t\t\t\t\t\t<div class=\"elementor-spacer\">\n\t\t\t<div class=\"elementor-spacer-inner\"><\/div>\n\t\t<\/div>\n\t\t\t\t\t\t<\/div>\n\t\t\t\t<\/div>\n\t\t\t\t\t<\/div>\n\t\t<\/div>\n\t\t\t\t\t<\/div>\n\t\t<\/section>\n\t\t<div class=\"elementor-element elementor-element-737ca94 e-flex e-con-boxed e-con e-parent\" data-id=\"737ca94\" data-element_type=\"container\">\n\t\t\t\t\t<div class=\"e-con-inner\">\n\t\t\t\t<div class=\"elementor-element elementor-element-e654197 elementor-widget elementor-widget-text-editor\" data-id=\"e654197\" data-element_type=\"widget\" data-widget_type=\"text-editor.default\">\n\t\t\t\t<div class=\"elementor-widget-container\">\n\t\t\t\t\t\t\t\t\t<p>Essepi est une entreprise artisanale de tricot fond\u00e9e en Toscane en 1952, avec plus de 70 ans d&rsquo;exp\u00e9rience dans le tricot de haute qualit\u00e9.<br>Entreprise familiale depuis trois g\u00e9n\u00e9rations, nous allions tradition et innovation dans la fabrication de tricots pour hommes et femmes, avec un soin particulier apport\u00e9 \u00e0 chaque d\u00e9tail.<\/p><p>Au fil du temps, nous avons construit une identit\u00e9 solide et reconnue, fond\u00e9e sur la <strong>qualit\u00e9, la fiabilit\u00e9, la recherche stylistique et la flexibilit\u00e9 de production<\/strong>. Nous travaillons sur des finesses allant de la plus grosse \u00e0 la plus fine, avec une sp\u00e9cialisation dans les finesses 14 et 12, en proposant des solutions sur mesure con\u00e7ues pour r\u00e9pondre aux diff\u00e9rentes exigences du march\u00e9. <\/p><p>La recherche de nouveaux points de maille et la conception de prototypes personnalis\u00e9s s&rsquo;effectuent au c\u0153ur de la Toscane.<\/p><p>La production est r\u00e9alis\u00e9e en interne ou par des partenaires s\u00e9lectionn\u00e9s et certifi\u00e9s en Italie, garantissant ainsi le v\u00e9ritable Made in Italy. Des collaborations historiques en Tunisie, toujours sous le contr\u00f4le direct de l&rsquo;entreprise, compl\u00e8tent le r\u00e9seau de production, assurant rapidit\u00e9, tra\u00e7abilit\u00e9 et normes de qualit\u00e9 \u00e9lev\u00e9es.<br>Nous utilisons exclusivement des fils italiens de tr\u00e8s haute qualit\u00e9 &#8211; laine, alpaga, mohair, cachemire, soie et coton &#8211; et nous travaillons dans le respect de l&rsquo;environnement, gr\u00e2ce \u00e0 l&rsquo;utilisation de fils certifi\u00e9s et \u00e9co-durables. <\/p>\t\t\t\t\t\t\t\t<\/div>\n\t\t\t\t<\/div>\n\t\t\t\t\t<\/div>\n\t\t\t\t<\/div>\n\t\t\t\t<section class=\"elementor-section elementor-top-section elementor-element elementor-element-08fd290 elementor-section-content-middle elementor-reverse-mobile elementor-section-boxed elementor-section-height-default elementor-section-height-default\" data-id=\"08fd290\" data-element_type=\"section\">\n\t\t\t\t\t\t<div class=\"elementor-container elementor-column-gap-wider\">\n\t\t\t\t\t<div class=\"elementor-column elementor-col-50 elementor-top-column elementor-element elementor-element-71c9e9e elementor-invisible\" data-id=\"71c9e9e\" data-element_type=\"column\" data-settings=\"{&quot;background_background&quot;:&quot;classic&quot;,&quot;animation&quot;:&quot;fadeInLeft&quot;}\">\n\t\t\t<div class=\"elementor-widget-wrap elementor-element-populated\">\n\t\t\t\t\t<div class=\"elementor-background-overlay\"><\/div>\n\t\t\t\t\t\t<div class=\"elementor-element elementor-element-287153c elementor-widget elementor-widget-spacer\" data-id=\"287153c\" data-element_type=\"widget\" data-widget_type=\"spacer.default\">\n\t\t\t\t<div class=\"elementor-widget-container\">\n\t\t\t\t\t\t\t<div class=\"elementor-spacer\">\n\t\t\t<div class=\"elementor-spacer-inner\"><\/div>\n\t\t<\/div>\n\t\t\t\t\t\t<\/div>\n\t\t\t\t<\/div>\n\t\t\t\t\t<\/div>\n\t\t<\/div>\n\t\t\t\t<div class=\"elementor-column elementor-col-50 elementor-top-column elementor-element elementor-element-b865c54\" data-id=\"b865c54\" data-element_type=\"column\">\n\t\t\t<div class=\"elementor-widget-wrap elementor-element-populated\">\n\t\t\t\t\t\t<div class=\"elementor-element elementor-element-8d7868e elementor-invisible elementor-widget elementor-widget-heading\" data-id=\"8d7868e\" data-element_type=\"widget\" data-settings=\"{&quot;_animation&quot;:&quot;fadeInUp&quot;}\" data-widget_type=\"heading.default\">\n\t\t\t\t<div class=\"elementor-widget-container\">\n\t\t\t\t\t<p class=\"elementor-heading-title elementor-size-default\">Contr\u00f4le qualit\u00e9<\/p>\t\t\t\t<\/div>\n\t\t\t\t<\/div>\n\t\t\t\t<div class=\"elementor-element elementor-element-8c03e58 elementor-widget elementor-widget-heading\" data-id=\"8c03e58\" data-element_type=\"widget\" data-widget_type=\"heading.default\">\n\t\t\t\t<div class=\"elementor-widget-container\">\n\t\t\t\t\t<h2 class=\"elementor-heading-title elementor-size-default\"><span class=\"animate-text\">Supervision constante tout au long de la cha\u00eene d'approvisionnement<\/span><\/h2>\t\t\t\t<\/div>\n\t\t\t\t<\/div>\n\t\t\t\t<div class=\"elementor-element elementor-element-cfe90c3 elementor-widget elementor-widget-text-editor\" data-id=\"cfe90c3\" data-element_type=\"widget\" data-widget_type=\"text-editor.default\">\n\t\t\t\t<div class=\"elementor-widget-container\">\n\t\t\t\t\t\t\t\t\t<p>Chez Essepi, le <strong>contr\u00f4le qualit\u00e9<\/strong> est un principe directeur qui accompagne chaque \u00e9tape du <strong>processus de production<\/strong>. Une \u00e9quipe interne hautement sp\u00e9cialis\u00e9e suit attentivement chaque \u00e9tape : du d\u00e9veloppement de l&rsquo;\u00e9chantillon \u00e0 la production finale, tant en Italie qu&rsquo;en Tunisie, afin de garantir l&rsquo;uniformit\u00e9, la pr\u00e9cision et la conformit\u00e9 aux exigences du client. <\/p><p>Nous contr\u00f4lons la <strong>coh\u00e9rence entre les prototypes et la production<\/strong>, v\u00e9rifions les mailles, les finitions, les mesures et le rendement des fils afin de garantir que chaque article r\u00e9ponde \u00e0 nos normes. Gr\u00e2ce \u00e0 une m\u00e9thode \u00e9prouv\u00e9e et \u00e0 l&rsquo;exp\u00e9rience de notre personnel, nous sommes en mesure d&rsquo;offrir un <strong>produit final fiable et soign\u00e9 dans les moindres d\u00e9tails<\/strong>. <\/p>\t\t\t\t\t\t\t\t<\/div>\n\t\t\t\t<\/div>\n\t\t\t\t\t<\/div>\n\t\t<\/div>\n\t\t\t\t\t<\/div>\n\t\t<\/section>\n\t\t\t\t<section class=\"elementor-section elementor-top-section elementor-element elementor-element-eebf5a6 elementor-section-content-middle elementor-section-boxed elementor-section-height-default elementor-section-height-default\" data-id=\"eebf5a6\" data-element_type=\"section\">\n\t\t\t\t\t\t<div class=\"elementor-container elementor-column-gap-wider\">\n\t\t\t\t\t<div class=\"elementor-column elementor-col-50 elementor-top-column elementor-element elementor-element-2d909c3\" data-id=\"2d909c3\" data-element_type=\"column\">\n\t\t\t<div class=\"elementor-widget-wrap elementor-element-populated\">\n\t\t\t\t\t\t<div class=\"elementor-element elementor-element-aa3a816 elementor-invisible elementor-widget elementor-widget-heading\" data-id=\"aa3a816\" data-element_type=\"widget\" data-settings=\"{&quot;_animation&quot;:&quot;fadeInUp&quot;}\" data-widget_type=\"heading.default\">\n\t\t\t\t<div class=\"elementor-widget-container\">\n\t\t\t\t\t<p class=\"elementor-heading-title elementor-size-default\">archives<\/p>\t\t\t\t<\/div>\n\t\t\t\t<\/div>\n\t\t\t\t<div class=\"elementor-element elementor-element-0fec4d1 elementor-widget elementor-widget-heading\" data-id=\"0fec4d1\" data-element_type=\"widget\" data-widget_type=\"heading.default\">\n\t\t\t\t<div class=\"elementor-widget-container\">\n\t\t\t\t\t<h2 class=\"elementor-heading-title elementor-size-default\"><span class=\"animate-text\">Un patrimoine source d'inspiration<\/span><\/h2>\t\t\t\t<\/div>\n\t\t\t\t<\/div>\n\t\t\t\t<div class=\"elementor-element elementor-element-8ea2375 elementor-widget elementor-widget-text-editor\" data-id=\"8ea2375\" data-element_type=\"widget\" data-widget_type=\"text-editor.default\">\n\t\t\t\t<div class=\"elementor-widget-container\">\n\t\t\t\t\t\t\t\t\t<p>Au fil des ans, nous avons construit un&nbsp;<strong>archive historique de plus d&rsquo;un millier de v\u00eatements<\/strong>, fruit de la recherche, de l&rsquo;exp\u00e9rimentation et de l&rsquo;\u00e9tude. Un patrimoine pr\u00e9cieux qui raconte notre \u00e9volution et notre style, et que nous mettons aujourd&rsquo;hui \u00e0 la disposition de nos clients comme source &nbsp;<strong>d&rsquo;inspiration et conception<\/strong>&nbsp;pour les collections futures.<\/p>\n<p>Consulter les archives signifie acc\u00e9der \u00e0&nbsp;<strong>id\u00e9es, des techniques, des points de maille et des combinaisons chromatiques<\/strong>&nbsp;d\u00e9j\u00e0 test\u00e9s, qui peuvent \u00eatre r\u00e9interpr\u00e9t\u00e9s ou d\u00e9velopp\u00e9s dans de nouvelles directions. Un espace concret o\u00f9 m\u00e9moire et cr\u00e9ativit\u00e9 se rencontrent pour donner forme \u00e0 de nouveaux projets. <\/p>\t\t\t\t\t\t\t\t<\/div>\n\t\t\t\t<\/div>\n\t\t\t\t\t<\/div>\n\t\t<\/div>\n\t\t\t\t<div class=\"elementor-column elementor-col-50 elementor-top-column elementor-element elementor-element-9ff0ad8 elementor-invisible\" data-id=\"9ff0ad8\" data-element_type=\"column\" data-settings=\"{&quot;background_background&quot;:&quot;classic&quot;,&quot;animation&quot;:&quot;fadeInRight&quot;}\">\n\t\t\t<div class=\"elementor-widget-wrap elementor-element-populated\">\n\t\t\t\t\t<div class=\"elementor-background-overlay\"><\/div>\n\t\t\t\t\t\t<div class=\"elementor-element elementor-element-8ba66ef elementor-widget elementor-widget-spacer\" data-id=\"8ba66ef\" data-element_type=\"widget\" data-widget_type=\"spacer.default\">\n\t\t\t\t<div class=\"elementor-widget-container\">\n\t\t\t\t\t\t\t<div class=\"elementor-spacer\">\n\t\t\t<div class=\"elementor-spacer-inner\"><\/div>\n\t\t<\/div>\n\t\t\t\t\t\t<\/div>\n\t\t\t\t<\/div>\n\t\t\t\t\t<\/div>\n\t\t<\/div>\n\t\t\t\t\t<\/div>\n\t\t<\/section>\n\t\t\t\t<\/div>\n\t\t","protected":false},"excerpt":{"rendered":"<p>Entreprise Depuis 1952, la tradition prend forme dans le tricot. Essepi est une entreprise artisanale de tricot fond\u00e9e en Toscane en 1952, avec plus de 70 ans d&rsquo;exp\u00e9rience dans le tricot de haute qualit\u00e9.Entreprise familiale depuis trois g\u00e9n\u00e9rations, nous allions tradition et innovation dans la fabrication de tricots pour hommes et femmes, avec un soin [&hellip;]<\/p>\n","protected":false},"author":1,"featured_media":0,"parent":0,"menu_order":0,"comment_status":"closed","ping_status":"closed","template":"","meta":{"footnotes":""},"class_list":["post-2977","page","type-page","status-publish","hentry"],"blocksy_meta":{"page_title_panel":"","has_hero_section":"disabled","0df2dca53447789c9966a9ee2482ae8e":"","hero_section":"type-1","hero_elements":[{"id":"custom_title","enabled":true,"heading_tag":"h1","title":"Home"},{"id":"custom_description","enabled":true,"description_visibility":{"desktop":true,"tablet":true,"mobile":false}},{"id":"custom_meta","enabled":false,"meta_elements":[{"id":"author","enabled":true,"label":"By","has_author_avatar":"yes","avatar_size":25},{"id":"post_date","enabled":true,"label":"On","date_format_source":"default","date_format":"M j, Y"},{"id":"comments","enabled":true}],"page_meta_elements":{"joined":true,"articles_count":true,"comments":true}},{"id":"breadcrumbs","enabled":false}],"9a068402903147dab0312ed721d813d1":"","hero_alignment1":"left","hero_alignment2":"center","hero_vertical_alignment":"center","878df3921d36f5f7834a2f50f2d62119":"","hero_structure":"narrow","c672b96ecc952ad64c8c2d7fdf1a61dc":"","page_title_bg_type":"featured_image","custom_hero_background":{"attachment_id":null},"parallax":{"desktop":false,"tablet":false,"mobile":false},"cc7bcd5456d7cac909e888486d83b616":"","hero_height":"250px","pageTitleFont":{"family":"Default","variation":"Default","size":{"desktop":"32px","tablet":"30px","mobile":"25px"},"line-height":"CT_CSS_SKIP_RULE","letter-spacing":"CT_CSS_SKIP_RULE","text-transform":"CT_CSS_SKIP_RULE","text-decoration":"CT_CSS_SKIP_RULE"},"pageTitleFontColor":{"default":{"color":"CT_CSS_SKIP_RULEDEFAULT"}},"pageMetaFont":{"family":"Default","variation":"n6","size":"12px","line-height":"1.3","letter-spacing":"CT_CSS_SKIP_RULE","text-transform":"uppercase","text-decoration":"CT_CSS_SKIP_RULE"},"pageMetaFontColor":{"default":{"color":"CT_CSS_SKIP_RULEDEFAULT"},"hover":{"color":"CT_CSS_SKIP_RULEDEFAULT"}},"pageExcerptFont":{"family":"Default","variation":"Default","size":"CT_CSS_SKIP_RULE","line-height":"CT_CSS_SKIP_RULE","letter-spacing":"CT_CSS_SKIP_RULE","text-transform":"CT_CSS_SKIP_RULE","text-decoration":"CT_CSS_SKIP_RULE"},"pageExcerptColor":{"default":{"color":"CT_CSS_SKIP_RULEDEFAULT"}},"breadcrumbsFont":{"family":"Default","variation":"n6","size":"12px","line-height":"CT_CSS_SKIP_RULE","letter-spacing":"CT_CSS_SKIP_RULE","text-transform":"uppercase","text-decoration":"CT_CSS_SKIP_RULE"},"breadcrumbsFontColor":{"default":{"color":"CT_CSS_SKIP_RULEDEFAULT"},"initial":{"color":"CT_CSS_SKIP_RULEDEFAULT"},"hover":{"color":"CT_CSS_SKIP_RULEDEFAULT"}},"pageTitleOverlay":{"default":{"color":"rgba(41, 51, 60, 0.2)"}},"pageTitleBackground":{"background_type":"color","background_pattern":"type-1","background_image":{"attachment_id":null,"x":0,"y":0},"background_repeat":"no-repeat","background_size":"auto","background_attachment":"scroll","patternColor":{"default":{"color":"#e5e7ea"}},"backgroundColor":{"default":{"color":"#EDEFF2"}}},"5384544efa2613b7222fa667fe0c3bd5":"","page_structure_type":"default","content_style":"inherit","vertical_spacing_source":"custom","content_area_spacing":"none","background":{"background_type":"color","background_pattern":"type-1","background_image":{"attachment_id":null,"x":0,"y":0},"background_repeat":"no-repeat","background_size":"auto","background_attachment":"scroll","patternColor":{"default":{"color":"#e5e7ea"}},"backgroundColor":{"default":{"color":"CT_CSS_SKIP_RULE"}}},"content_background":{"background_type":"color","background_pattern":"type-1","background_image":{"attachment_id":null,"x":0,"y":0},"background_repeat":"no-repeat","background_size":"auto","background_attachment":"scroll","patternColor":{"default":{"color":"#e5e7ea"}},"backgroundColor":{"default":{"color":"#ffffff"}}},"content_boxed_spacing":{"desktop":"40px","tablet":"35px","mobile":"20px"},"content_boxed_radius":{"top":"3px","bottom":"3px","left":"3px","right":"3px","linked":true},"content_boxed_shadow":{"blur":18,"spread":-6,"v_offset":12,"h_offset":0,"inset":false,"enable":true,"color":{"color":"rgba(34, 56, 101, 0.04)"}},"7b360c47770bb2bc7820037d1b7ccdae":"","disable_featured_image":"no","disable_header":"no","disable_footer":"no","styles_descriptor":{"styles":{"desktop":"","tablet":"","mobile":""},"google_fonts":[]}},"yoast_head":"<!-- This site is optimized with the Yoast SEO plugin v26.5 - https:\/\/yoast.com\/wordpress\/plugins\/seo\/ -->\n<title>Entreprise - Maglificio Essepi<\/title>\n<meta name=\"robots\" content=\"index, follow, max-snippet:-1, max-image-preview:large, max-video-preview:-1\" \/>\n<link rel=\"canonical\" href=\"https:\/\/maglificioessepi.net\/fr\/entreprise\/\" \/>\n<meta property=\"og:locale\" content=\"fr_FR\" \/>\n<meta property=\"og:type\" content=\"article\" \/>\n<meta property=\"og:title\" content=\"Entreprise - Maglificio Essepi\" \/>\n<meta property=\"og:description\" content=\"Entreprise Depuis 1952, la tradition prend forme dans le tricot. Essepi est une entreprise artisanale de tricot fond\u00e9e en Toscane en 1952, avec plus de 70 ans d&rsquo;exp\u00e9rience dans le tricot de haute qualit\u00e9.Entreprise familiale depuis trois g\u00e9n\u00e9rations, nous allions tradition et innovation dans la fabrication de tricots pour hommes et femmes, avec un soin [&hellip;]\" \/>\n<meta property=\"og:url\" content=\"https:\/\/maglificioessepi.net\/fr\/entreprise\/\" \/>\n<meta property=\"og:site_name\" content=\"Maglificio Essepi\" \/>\n<meta property=\"article:modified_time\" content=\"2025-12-10T14:21:43+00:00\" \/>\n<meta name=\"twitter:card\" content=\"summary_large_image\" \/>\n<meta name=\"twitter:label1\" content=\"Dur\u00e9e de lecture estim\u00e9e\" \/>\n\t<meta name=\"twitter:data1\" content=\"2 minutes\" \/>\n<script type=\"application\/ld+json\" class=\"yoast-schema-graph\">{\"@context\":\"https:\/\/schema.org\",\"@graph\":[{\"@type\":\"WebPage\",\"@id\":\"https:\/\/maglificioessepi.net\/fr\/entreprise\/\",\"url\":\"https:\/\/maglificioessepi.net\/fr\/entreprise\/\",\"name\":\"Entreprise - Maglificio Essepi\",\"isPartOf\":{\"@id\":\"https:\/\/maglificioessepi.net\/#website\"},\"datePublished\":\"2020-08-17T14:42:04+00:00\",\"dateModified\":\"2025-12-10T14:21:43+00:00\",\"breadcrumb\":{\"@id\":\"https:\/\/maglificioessepi.net\/fr\/entreprise\/#breadcrumb\"},\"inLanguage\":\"fr-FR\",\"potentialAction\":[{\"@type\":\"ReadAction\",\"target\":[\"https:\/\/maglificioessepi.net\/fr\/entreprise\/\"]}]},{\"@type\":\"BreadcrumbList\",\"@id\":\"https:\/\/maglificioessepi.net\/fr\/entreprise\/#breadcrumb\",\"itemListElement\":[{\"@type\":\"ListItem\",\"position\":1,\"name\":\"Home\",\"item\":\"https:\/\/maglificioessepi.net\/\"},{\"@type\":\"ListItem\",\"position\":2,\"name\":\"Entreprise\"}]},{\"@type\":\"WebSite\",\"@id\":\"https:\/\/maglificioessepi.net\/#website\",\"url\":\"https:\/\/maglificioessepi.net\/\",\"name\":\"Maglificio Essepi\",\"description\":\"Maglieria italiana per brand dal 1952\",\"publisher\":{\"@id\":\"https:\/\/maglificioessepi.net\/#organization\"},\"potentialAction\":[{\"@type\":\"SearchAction\",\"target\":{\"@type\":\"EntryPoint\",\"urlTemplate\":\"https:\/\/maglificioessepi.net\/?s={search_term_string}\"},\"query-input\":{\"@type\":\"PropertyValueSpecification\",\"valueRequired\":true,\"valueName\":\"search_term_string\"}}],\"inLanguage\":\"fr-FR\"},{\"@type\":\"Organization\",\"@id\":\"https:\/\/maglificioessepi.net\/#organization\",\"name\":\"Maglificio Essepi\",\"url\":\"https:\/\/maglificioessepi.net\/\",\"logo\":{\"@type\":\"ImageObject\",\"inLanguage\":\"fr-FR\",\"@id\":\"https:\/\/maglificioessepi.net\/#\/schema\/logo\/image\/\",\"url\":\"https:\/\/maglificioessepi.net\/wp-content\/uploads\/2025\/09\/Essepi-logo.png\",\"contentUrl\":\"https:\/\/maglificioessepi.net\/wp-content\/uploads\/2025\/09\/Essepi-logo.png\",\"width\":420,\"height\":200,\"caption\":\"Maglificio Essepi\"},\"image\":{\"@id\":\"https:\/\/maglificioessepi.net\/#\/schema\/logo\/image\/\"}}]}<\/script>\n<!-- \/ Yoast SEO plugin. -->","yoast_head_json":{"title":"Entreprise - Maglificio Essepi","robots":{"index":"index","follow":"follow","max-snippet":"max-snippet:-1","max-image-preview":"max-image-preview:large","max-video-preview":"max-video-preview:-1"},"canonical":"https:\/\/maglificioessepi.net\/fr\/entreprise\/","og_locale":"fr_FR","og_type":"article","og_title":"Entreprise - Maglificio Essepi","og_description":"Entreprise Depuis 1952, la tradition prend forme dans le tricot. Essepi est une entreprise artisanale de tricot fond\u00e9e en Toscane en 1952, avec plus de 70 ans d&rsquo;exp\u00e9rience dans le tricot de haute qualit\u00e9.Entreprise familiale depuis trois g\u00e9n\u00e9rations, nous allions tradition et innovation dans la fabrication de tricots pour hommes et femmes, avec un soin [&hellip;]","og_url":"https:\/\/maglificioessepi.net\/fr\/entreprise\/","og_site_name":"Maglificio Essepi","article_modified_time":"2025-12-10T14:21:43+00:00","twitter_card":"summary_large_image","twitter_misc":{"Dur\u00e9e de lecture estim\u00e9e":"2 minutes"},"schema":{"@context":"https:\/\/schema.org","@graph":[{"@type":"WebPage","@id":"https:\/\/maglificioessepi.net\/fr\/entreprise\/","url":"https:\/\/maglificioessepi.net\/fr\/entreprise\/","name":"Entreprise - Maglificio Essepi","isPartOf":{"@id":"https:\/\/maglificioessepi.net\/#website"},"datePublished":"2020-08-17T14:42:04+00:00","dateModified":"2025-12-10T14:21:43+00:00","breadcrumb":{"@id":"https:\/\/maglificioessepi.net\/fr\/entreprise\/#breadcrumb"},"inLanguage":"fr-FR","potentialAction":[{"@type":"ReadAction","target":["https:\/\/maglificioessepi.net\/fr\/entreprise\/"]}]},{"@type":"BreadcrumbList","@id":"https:\/\/maglificioessepi.net\/fr\/entreprise\/#breadcrumb","itemListElement":[{"@type":"ListItem","position":1,"name":"Home","item":"https:\/\/maglificioessepi.net\/"},{"@type":"ListItem","position":2,"name":"Entreprise"}]},{"@type":"WebSite","@id":"https:\/\/maglificioessepi.net\/#website","url":"https:\/\/maglificioessepi.net\/","name":"Maglificio Essepi","description":"Maglieria italiana per brand dal 1952","publisher":{"@id":"https:\/\/maglificioessepi.net\/#organization"},"potentialAction":[{"@type":"SearchAction","target":{"@type":"EntryPoint","urlTemplate":"https:\/\/maglificioessepi.net\/?s={search_term_string}"},"query-input":{"@type":"PropertyValueSpecification","valueRequired":true,"valueName":"search_term_string"}}],"inLanguage":"fr-FR"},{"@type":"Organization","@id":"https:\/\/maglificioessepi.net\/#organization","name":"Maglificio Essepi","url":"https:\/\/maglificioessepi.net\/","logo":{"@type":"ImageObject","inLanguage":"fr-FR","@id":"https:\/\/maglificioessepi.net\/#\/schema\/logo\/image\/","url":"https:\/\/maglificioessepi.net\/wp-content\/uploads\/2025\/09\/Essepi-logo.png","contentUrl":"https:\/\/maglificioessepi.net\/wp-content\/uploads\/2025\/09\/Essepi-logo.png","width":420,"height":200,"caption":"Maglificio Essepi"},"image":{"@id":"https:\/\/maglificioessepi.net\/#\/schema\/logo\/image\/"}}]}},"_links":{"self":[{"href":"https:\/\/maglificioessepi.net\/fr\/wp-json\/wp\/v2\/pages\/2977","targetHints":{"allow":["GET"]}}],"collection":[{"href":"https:\/\/maglificioessepi.net\/fr\/wp-json\/wp\/v2\/pages"}],"about":[{"href":"https:\/\/maglificioessepi.net\/fr\/wp-json\/wp\/v2\/types\/page"}],"author":[{"embeddable":true,"href":"https:\/\/maglificioessepi.net\/fr\/wp-json\/wp\/v2\/users\/1"}],"replies":[{"embeddable":true,"href":"https:\/\/maglificioessepi.net\/fr\/wp-json\/wp\/v2\/comments?post=2977"}],"version-history":[{"count":1,"href":"https:\/\/maglificioessepi.net\/fr\/wp-json\/wp\/v2\/pages\/2977\/revisions"}],"predecessor-version":[{"id":2978,"href":"https:\/\/maglificioessepi.net\/fr\/wp-json\/wp\/v2\/pages\/2977\/revisions\/2978"}],"wp:attachment":[{"href":"https:\/\/maglificioessepi.net\/fr\/wp-json\/wp\/v2\/media?parent=2977"}],"curies":[{"name":"wp","href":"https:\/\/api.w.org\/{rel}","templated":true}]}}