{"id":2979,"date":"2020-08-17T14:42:04","date_gmt":"2020-08-17T14:42:04","guid":{"rendered":"https:\/\/maglificioessepi.net\/empresa\/"},"modified":"2025-12-11T08:53:02","modified_gmt":"2025-12-11T08:53:02","slug":"empresa","status":"publish","type":"page","link":"https:\/\/maglificioessepi.net\/es\/empresa\/","title":{"rendered":"Empresa"},"content":{"rendered":"\t\t<div data-elementor-type=\"wp-page\" data-elementor-id=\"2979\" class=\"elementor elementor-2979 elementor-215\">\n\t\t\t\t\t\t<section class=\"elementor-section elementor-top-section elementor-element elementor-element-dae2a93 ct-section-stretched elementor-section-height-min-height elementor-section-boxed elementor-section-height-default elementor-section-items-middle\" data-id=\"dae2a93\" data-element_type=\"section\" data-settings=\"{&quot;background_background&quot;:&quot;classic&quot;}\">\n\t\t\t\t\t\t\t<div class=\"elementor-background-overlay\"><\/div>\n\t\t\t\t\t\t\t<div class=\"elementor-container elementor-column-gap-default\">\n\t\t\t\t\t<div class=\"elementor-column elementor-col-50 elementor-top-column elementor-element elementor-element-f1fee65\" data-id=\"f1fee65\" data-element_type=\"column\">\n\t\t\t<div class=\"elementor-widget-wrap elementor-element-populated\">\n\t\t\t\t\t\t<div class=\"elementor-element elementor-element-192cae6 elementor-invisible elementor-widget elementor-widget-heading\" data-id=\"192cae6\" data-element_type=\"widget\" data-settings=\"{&quot;_animation&quot;:&quot;fadeInUp&quot;}\" data-widget_type=\"heading.default\">\n\t\t\t\t<div class=\"elementor-widget-container\">\n\t\t\t\t\t<h2 class=\"elementor-heading-title elementor-size-default\">Empresa<\/h2>\t\t\t\t<\/div>\n\t\t\t\t<\/div>\n\t\t\t\t<div class=\"elementor-element elementor-element-11d927f elementor-widget elementor-widget-heading\" data-id=\"11d927f\" data-element_type=\"widget\" data-widget_type=\"heading.default\">\n\t\t\t\t<div class=\"elementor-widget-container\">\n\t\t\t\t\t<h2 class=\"elementor-heading-title elementor-size-default\"><span class=\"animate-text\">Desde 1952, la tradici\u00f3n toma forma en Maglia.<\/span><\/h2>\t\t\t\t<\/div>\n\t\t\t\t<\/div>\n\t\t\t\t\t<\/div>\n\t\t<\/div>\n\t\t\t\t<div class=\"elementor-column elementor-col-50 elementor-top-column elementor-element elementor-element-14be3c3 elementor-hidden-tablet elementor-hidden-phone\" data-id=\"14be3c3\" data-element_type=\"column\" data-settings=\"{&quot;background_background&quot;:&quot;classic&quot;}\">\n\t\t\t<div class=\"elementor-widget-wrap elementor-element-populated\">\n\t\t\t\t\t\t<div class=\"elementor-element elementor-element-de37b7d elementor-widget elementor-widget-spacer\" data-id=\"de37b7d\" data-element_type=\"widget\" data-widget_type=\"spacer.default\">\n\t\t\t\t<div class=\"elementor-widget-container\">\n\t\t\t\t\t\t\t<div class=\"elementor-spacer\">\n\t\t\t<div class=\"elementor-spacer-inner\"><\/div>\n\t\t<\/div>\n\t\t\t\t\t\t<\/div>\n\t\t\t\t<\/div>\n\t\t\t\t\t<\/div>\n\t\t<\/div>\n\t\t\t\t\t<\/div>\n\t\t<\/section>\n\t\t<div class=\"elementor-element elementor-element-737ca94 e-flex e-con-boxed e-con e-parent\" data-id=\"737ca94\" data-element_type=\"container\">\n\t\t\t\t\t<div class=\"e-con-inner\">\n\t\t\t\t<div class=\"elementor-element elementor-element-e654197 elementor-widget elementor-widget-text-editor\" data-id=\"e654197\" data-element_type=\"widget\" data-widget_type=\"text-editor.default\">\n\t\t\t\t<div class=\"elementor-widget-container\">\n\t\t\t\t\t\t\t\t\t<p>Essepi es una f\u00e1brica artesanal de prendas de punto fundada en la Toscana en 1952, con m\u00e1s de 70 a\u00f1os de experiencia en prendas de punto de alta calidad.<br>Somos una empresa familiar desde hace tres generaciones y combinamos tradici\u00f3n e innovaci\u00f3n en la confecci\u00f3n de prendas de punto para hombre y mujer, con una atenci\u00f3n especial a cada detalle.<\/p><p>Con el tiempo, hemos construido una identidad s\u00f3lida y reconocida, basada en la <strong>calidad, la fiabilidad, la investigaci\u00f3n estil\u00edstica y la flexibilidad productiva<\/strong>. Trabajamos con finuras que van desde las m\u00e1s gruesas hasta las m\u00e1s finas, con especializaci\u00f3n en las finuras 14 y 12, ofreciendo soluciones a medida dise\u00f1adas para responder a las diferentes necesidades del mercado. <\/p><p>La b\u00fasqueda de nuevos puntos de malla y el dise\u00f1o de prototipos personalizados se lleva a cabo en el coraz\u00f3n de la Toscana.<\/p><p>La producci\u00f3n se lleva a cabo internamente o a trav\u00e9s de socios seleccionados y certificados en Italia, lo que garantiza el aut\u00e9ntico Made in Italy. Las colaboraciones hist\u00f3ricas en T\u00fanez, siempre bajo el control directo de la empresa, completan la red de producci\u00f3n, garantizando rapidez, trazabilidad y altos est\u00e1ndares de calidad.<br>Utilizamos exclusivamente hilos italianos de la m\u00e1s alta calidad (lana, alpaca, mohair, cachemira, seda y algod\u00f3n) y trabajamos con respeto por el medio ambiente, gracias al uso de hilos certificados y ecosostenibles. <\/p>\t\t\t\t\t\t\t\t<\/div>\n\t\t\t\t<\/div>\n\t\t\t\t\t<\/div>\n\t\t\t\t<\/div>\n\t\t\t\t<section class=\"elementor-section elementor-top-section elementor-element elementor-element-08fd290 elementor-section-content-middle elementor-reverse-mobile elementor-section-boxed elementor-section-height-default elementor-section-height-default\" data-id=\"08fd290\" data-element_type=\"section\">\n\t\t\t\t\t\t<div class=\"elementor-container elementor-column-gap-wider\">\n\t\t\t\t\t<div class=\"elementor-column elementor-col-50 elementor-top-column elementor-element elementor-element-71c9e9e elementor-invisible\" data-id=\"71c9e9e\" data-element_type=\"column\" data-settings=\"{&quot;background_background&quot;:&quot;classic&quot;,&quot;animation&quot;:&quot;fadeInLeft&quot;}\">\n\t\t\t<div class=\"elementor-widget-wrap elementor-element-populated\">\n\t\t\t\t\t<div class=\"elementor-background-overlay\"><\/div>\n\t\t\t\t\t\t<div class=\"elementor-element elementor-element-287153c elementor-widget elementor-widget-spacer\" data-id=\"287153c\" data-element_type=\"widget\" data-widget_type=\"spacer.default\">\n\t\t\t\t<div class=\"elementor-widget-container\">\n\t\t\t\t\t\t\t<div class=\"elementor-spacer\">\n\t\t\t<div class=\"elementor-spacer-inner\"><\/div>\n\t\t<\/div>\n\t\t\t\t\t\t<\/div>\n\t\t\t\t<\/div>\n\t\t\t\t\t<\/div>\n\t\t<\/div>\n\t\t\t\t<div class=\"elementor-column elementor-col-50 elementor-top-column elementor-element elementor-element-b865c54\" data-id=\"b865c54\" data-element_type=\"column\">\n\t\t\t<div class=\"elementor-widget-wrap elementor-element-populated\">\n\t\t\t\t\t\t<div class=\"elementor-element elementor-element-8d7868e elementor-invisible elementor-widget elementor-widget-heading\" data-id=\"8d7868e\" data-element_type=\"widget\" data-settings=\"{&quot;_animation&quot;:&quot;fadeInUp&quot;}\" data-widget_type=\"heading.default\">\n\t\t\t\t<div class=\"elementor-widget-container\">\n\t\t\t\t\t<p class=\"elementor-heading-title elementor-size-default\">Control de calidad<\/p>\t\t\t\t<\/div>\n\t\t\t\t<\/div>\n\t\t\t\t<div class=\"elementor-element elementor-element-8c03e58 elementor-widget elementor-widget-heading\" data-id=\"8c03e58\" data-element_type=\"widget\" data-widget_type=\"heading.default\">\n\t\t\t\t<div class=\"elementor-widget-container\">\n\t\t\t\t\t<h2 class=\"elementor-heading-title elementor-size-default\"><span class=\"animate-text\">Supervisi\u00f3n constante a lo largo de toda la cadena de suministro<\/span><\/h2>\t\t\t\t<\/div>\n\t\t\t\t<\/div>\n\t\t\t\t<div class=\"elementor-element elementor-element-cfe90c3 elementor-widget elementor-widget-text-editor\" data-id=\"cfe90c3\" data-element_type=\"widget\" data-widget_type=\"text-editor.default\">\n\t\t\t\t<div class=\"elementor-widget-container\">\n\t\t\t\t\t\t\t\t\t<p>En Essepi, el <strong>control de calidad<\/strong> es un principio rector que acompa\u00f1a cada fase del <strong>proceso productivo<\/strong>. Un equipo interno altamente especializado sigue con atenci\u00f3n cada paso: desde el desarrollo de la muestra hasta la producci\u00f3n final, tanto en Italia como en T\u00fanez, para garantizar la uniformidad, la precisi\u00f3n y el cumplimiento de los requisitos del cliente. <\/p><p>Controlamos la <strong>coherencia entre los prototipos y la producci\u00f3n<\/strong>, verificamos los puntos de tejido, los acabados, las medidas y el rendimiento de los hilos para garantizar que cada art\u00edculo refleje nuestros est\u00e1ndares. Gracias a un m\u00e9todo consolidado y a la experiencia de nuestro personal, podemos ofrecer un<strong> producto final fiable y cuidado en cada detalle<\/strong>. <\/p>\t\t\t\t\t\t\t\t<\/div>\n\t\t\t\t<\/div>\n\t\t\t\t\t<\/div>\n\t\t<\/div>\n\t\t\t\t\t<\/div>\n\t\t<\/section>\n\t\t\t\t<section class=\"elementor-section elementor-top-section elementor-element elementor-element-eebf5a6 elementor-section-content-middle elementor-section-boxed elementor-section-height-default elementor-section-height-default\" data-id=\"eebf5a6\" data-element_type=\"section\">\n\t\t\t\t\t\t<div class=\"elementor-container elementor-column-gap-wider\">\n\t\t\t\t\t<div class=\"elementor-column elementor-col-50 elementor-top-column elementor-element elementor-element-2d909c3\" data-id=\"2d909c3\" data-element_type=\"column\">\n\t\t\t<div class=\"elementor-widget-wrap elementor-element-populated\">\n\t\t\t\t\t\t<div class=\"elementor-element elementor-element-aa3a816 elementor-invisible elementor-widget elementor-widget-heading\" data-id=\"aa3a816\" data-element_type=\"widget\" data-settings=\"{&quot;_animation&quot;:&quot;fadeInUp&quot;}\" data-widget_type=\"heading.default\">\n\t\t\t\t<div class=\"elementor-widget-container\">\n\t\t\t\t\t<p class=\"elementor-heading-title elementor-size-default\">archivio<\/p>\t\t\t\t<\/div>\n\t\t\t\t<\/div>\n\t\t\t\t<div class=\"elementor-element elementor-element-0fec4d1 elementor-widget elementor-widget-heading\" data-id=\"0fec4d1\" data-element_type=\"widget\" data-widget_type=\"heading.default\">\n\t\t\t\t<div class=\"elementor-widget-container\">\n\t\t\t\t\t<h2 class=\"elementor-heading-title elementor-size-default\"><span class=\"animate-text\">Un patrimonio de inspiraci\u00f3n<\/span><\/h2>\t\t\t\t<\/div>\n\t\t\t\t<\/div>\n\t\t\t\t<div class=\"elementor-element elementor-element-8ea2375 elementor-widget elementor-widget-text-editor\" data-id=\"8ea2375\" data-element_type=\"widget\" data-widget_type=\"text-editor.default\">\n\t\t\t\t<div class=\"elementor-widget-container\">\n\t\t\t\t\t\t\t\t\t<p>A lo largo de los a\u00f1os, hemos construido un&nbsp;<strong>archivo hist\u00f3rico con m\u00e1s de mil prendas<\/strong>, fruto de la investigaci\u00f3n, la experimentaci\u00f3n y el estudio. Un valioso patrimonio que narra nuestra evoluci\u00f3n y nuestro estilo, y que hoy ponemos a disposici\u00f3n de los clientes como fuente de &nbsp;<strong>Inspiraci\u00f3n y dise\u00f1o<\/strong>&nbsp;para futuras colecciones.<\/p>\n<p>Consultar el archivo significa acceder a&nbsp;<strong>Ideas, procesos, puntos de tejido y combinaciones crom\u00e1ticas&nbsp;<\/strong>ya probadas, que pueden reinterpretarse o desarrollarse en nuevas direcciones. Un espacio concreto donde la memoria y la creatividad se unen para dar forma a nuevos proyectos. <\/p>\t\t\t\t\t\t\t\t<\/div>\n\t\t\t\t<\/div>\n\t\t\t\t\t<\/div>\n\t\t<\/div>\n\t\t\t\t<div class=\"elementor-column elementor-col-50 elementor-top-column elementor-element elementor-element-9ff0ad8 elementor-invisible\" data-id=\"9ff0ad8\" data-element_type=\"column\" data-settings=\"{&quot;background_background&quot;:&quot;classic&quot;,&quot;animation&quot;:&quot;fadeInRight&quot;}\">\n\t\t\t<div class=\"elementor-widget-wrap elementor-element-populated\">\n\t\t\t\t\t<div class=\"elementor-background-overlay\"><\/div>\n\t\t\t\t\t\t<div class=\"elementor-element elementor-element-8ba66ef elementor-widget elementor-widget-spacer\" data-id=\"8ba66ef\" data-element_type=\"widget\" data-widget_type=\"spacer.default\">\n\t\t\t\t<div class=\"elementor-widget-container\">\n\t\t\t\t\t\t\t<div class=\"elementor-spacer\">\n\t\t\t<div class=\"elementor-spacer-inner\"><\/div>\n\t\t<\/div>\n\t\t\t\t\t\t<\/div>\n\t\t\t\t<\/div>\n\t\t\t\t\t<\/div>\n\t\t<\/div>\n\t\t\t\t\t<\/div>\n\t\t<\/section>\n\t\t\t\t<\/div>\n\t\t","protected":false},"excerpt":{"rendered":"<p>Empresa Desde 1952, la tradici\u00f3n toma forma en Maglia. Essepi es una f\u00e1brica artesanal de prendas de punto fundada en la Toscana en 1952, con m\u00e1s de 70 a\u00f1os de experiencia en prendas de punto de alta calidad.Somos una empresa familiar desde hace tres generaciones y combinamos tradici\u00f3n e innovaci\u00f3n en la confecci\u00f3n de prendas [&hellip;]<\/p>\n","protected":false},"author":1,"featured_media":0,"parent":0,"menu_order":0,"comment_status":"closed","ping_status":"closed","template":"","meta":{"footnotes":""},"class_list":["post-2979","page","type-page","status-publish","hentry"],"blocksy_meta":{"page_title_panel":"","has_hero_section":"disabled","0df2dca53447789c9966a9ee2482ae8e":"","hero_section":"type-1","hero_elements":[{"id":"custom_title","enabled":true,"heading_tag":"h1","title":"Home"},{"id":"custom_description","enabled":true,"description_visibility":{"desktop":true,"tablet":true,"mobile":false}},{"id":"custom_meta","enabled":false,"meta_elements":[{"id":"author","enabled":true,"label":"By","has_author_avatar":"yes","avatar_size":25},{"id":"post_date","enabled":true,"label":"On","date_format_source":"default","date_format":"M j, Y"},{"id":"comments","enabled":true}],"page_meta_elements":{"joined":true,"articles_count":true,"comments":true}},{"id":"breadcrumbs","enabled":false}],"9a068402903147dab0312ed721d813d1":"","hero_alignment1":"left","hero_alignment2":"center","hero_vertical_alignment":"center","878df3921d36f5f7834a2f50f2d62119":"","hero_structure":"narrow","c672b96ecc952ad64c8c2d7fdf1a61dc":"","page_title_bg_type":"featured_image","custom_hero_background":{"attachment_id":null},"parallax":{"desktop":false,"tablet":false,"mobile":false},"cc7bcd5456d7cac909e888486d83b616":"","hero_height":"250px","pageTitleFont":{"family":"Default","variation":"Default","size":{"desktop":"32px","tablet":"30px","mobile":"25px"},"line-height":"CT_CSS_SKIP_RULE","letter-spacing":"CT_CSS_SKIP_RULE","text-transform":"CT_CSS_SKIP_RULE","text-decoration":"CT_CSS_SKIP_RULE"},"pageTitleFontColor":{"default":{"color":"CT_CSS_SKIP_RULEDEFAULT"}},"pageMetaFont":{"family":"Default","variation":"n6","size":"12px","line-height":"1.3","letter-spacing":"CT_CSS_SKIP_RULE","text-transform":"uppercase","text-decoration":"CT_CSS_SKIP_RULE"},"pageMetaFontColor":{"default":{"color":"CT_CSS_SKIP_RULEDEFAULT"},"hover":{"color":"CT_CSS_SKIP_RULEDEFAULT"}},"pageExcerptFont":{"family":"Default","variation":"Default","size":"CT_CSS_SKIP_RULE","line-height":"CT_CSS_SKIP_RULE","letter-spacing":"CT_CSS_SKIP_RULE","text-transform":"CT_CSS_SKIP_RULE","text-decoration":"CT_CSS_SKIP_RULE"},"pageExcerptColor":{"default":{"color":"CT_CSS_SKIP_RULEDEFAULT"}},"breadcrumbsFont":{"family":"Default","variation":"n6","size":"12px","line-height":"CT_CSS_SKIP_RULE","letter-spacing":"CT_CSS_SKIP_RULE","text-transform":"uppercase","text-decoration":"CT_CSS_SKIP_RULE"},"breadcrumbsFontColor":{"default":{"color":"CT_CSS_SKIP_RULEDEFAULT"},"initial":{"color":"CT_CSS_SKIP_RULEDEFAULT"},"hover":{"color":"CT_CSS_SKIP_RULEDEFAULT"}},"pageTitleOverlay":{"default":{"color":"rgba(41, 51, 60, 0.2)"}},"pageTitleBackground":{"background_type":"color","background_pattern":"type-1","background_image":{"attachment_id":null,"x":0,"y":0},"background_repeat":"no-repeat","background_size":"auto","background_attachment":"scroll","patternColor":{"default":{"color":"#e5e7ea"}},"backgroundColor":{"default":{"color":"#EDEFF2"}}},"5384544efa2613b7222fa667fe0c3bd5":"","page_structure_type":"default","content_style":"inherit","vertical_spacing_source":"custom","content_area_spacing":"none","background":{"background_type":"color","background_pattern":"type-1","background_image":{"attachment_id":null,"x":0,"y":0},"background_repeat":"no-repeat","background_size":"auto","background_attachment":"scroll","patternColor":{"default":{"color":"#e5e7ea"}},"backgroundColor":{"default":{"color":"CT_CSS_SKIP_RULE"}}},"content_background":{"background_type":"color","background_pattern":"type-1","background_image":{"attachment_id":null,"x":0,"y":0},"background_repeat":"no-repeat","background_size":"auto","background_attachment":"scroll","patternColor":{"default":{"color":"#e5e7ea"}},"backgroundColor":{"default":{"color":"#ffffff"}}},"content_boxed_spacing":{"desktop":"40px","tablet":"35px","mobile":"20px"},"content_boxed_radius":{"top":"3px","bottom":"3px","left":"3px","right":"3px","linked":true},"content_boxed_shadow":{"blur":18,"spread":-6,"v_offset":12,"h_offset":0,"inset":false,"enable":true,"color":{"color":"rgba(34, 56, 101, 0.04)"}},"7b360c47770bb2bc7820037d1b7ccdae":"","disable_featured_image":"no","disable_header":"no","disable_footer":"no","styles_descriptor":{"styles":{"desktop":"","tablet":"","mobile":""},"google_fonts":[]}},"yoast_head":"<!-- This site is optimized with the Yoast SEO plugin v26.5 - https:\/\/yoast.com\/wordpress\/plugins\/seo\/ -->\n<title>Empresa - Maglificio Essepi<\/title>\n<meta name=\"robots\" content=\"index, follow, max-snippet:-1, max-image-preview:large, max-video-preview:-1\" \/>\n<link rel=\"canonical\" href=\"https:\/\/maglificioessepi.net\/es\/empresa\/\" \/>\n<meta property=\"og:locale\" content=\"es_ES\" \/>\n<meta property=\"og:type\" content=\"article\" \/>\n<meta property=\"og:title\" content=\"Empresa - Maglificio Essepi\" \/>\n<meta property=\"og:description\" content=\"Empresa Desde 1952, la tradici\u00f3n toma forma en Maglia. Essepi es una f\u00e1brica artesanal de prendas de punto fundada en la Toscana en 1952, con m\u00e1s de 70 a\u00f1os de experiencia en prendas de punto de alta calidad.Somos una empresa familiar desde hace tres generaciones y combinamos tradici\u00f3n e innovaci\u00f3n en la confecci\u00f3n de prendas [&hellip;]\" \/>\n<meta property=\"og:url\" content=\"https:\/\/maglificioessepi.net\/es\/empresa\/\" \/>\n<meta property=\"og:site_name\" content=\"Maglificio Essepi\" \/>\n<meta property=\"article:modified_time\" content=\"2025-12-11T08:53:02+00:00\" \/>\n<meta name=\"twitter:card\" content=\"summary_large_image\" \/>\n<meta name=\"twitter:label1\" content=\"Tiempo de lectura\" \/>\n\t<meta name=\"twitter:data1\" content=\"3 minutos\" \/>\n<script type=\"application\/ld+json\" class=\"yoast-schema-graph\">{\"@context\":\"https:\/\/schema.org\",\"@graph\":[{\"@type\":\"WebPage\",\"@id\":\"https:\/\/maglificioessepi.net\/es\/empresa\/\",\"url\":\"https:\/\/maglificioessepi.net\/es\/empresa\/\",\"name\":\"Empresa - Maglificio Essepi\",\"isPartOf\":{\"@id\":\"https:\/\/maglificioessepi.net\/#website\"},\"datePublished\":\"2020-08-17T14:42:04+00:00\",\"dateModified\":\"2025-12-11T08:53:02+00:00\",\"breadcrumb\":{\"@id\":\"https:\/\/maglificioessepi.net\/es\/empresa\/#breadcrumb\"},\"inLanguage\":\"es\",\"potentialAction\":[{\"@type\":\"ReadAction\",\"target\":[\"https:\/\/maglificioessepi.net\/es\/empresa\/\"]}]},{\"@type\":\"BreadcrumbList\",\"@id\":\"https:\/\/maglificioessepi.net\/es\/empresa\/#breadcrumb\",\"itemListElement\":[{\"@type\":\"ListItem\",\"position\":1,\"name\":\"Home\",\"item\":\"https:\/\/maglificioessepi.net\/\"},{\"@type\":\"ListItem\",\"position\":2,\"name\":\"Empresa\"}]},{\"@type\":\"WebSite\",\"@id\":\"https:\/\/maglificioessepi.net\/#website\",\"url\":\"https:\/\/maglificioessepi.net\/\",\"name\":\"Maglificio Essepi\",\"description\":\"Maglieria italiana per brand dal 1952\",\"publisher\":{\"@id\":\"https:\/\/maglificioessepi.net\/#organization\"},\"potentialAction\":[{\"@type\":\"SearchAction\",\"target\":{\"@type\":\"EntryPoint\",\"urlTemplate\":\"https:\/\/maglificioessepi.net\/?s={search_term_string}\"},\"query-input\":{\"@type\":\"PropertyValueSpecification\",\"valueRequired\":true,\"valueName\":\"search_term_string\"}}],\"inLanguage\":\"es\"},{\"@type\":\"Organization\",\"@id\":\"https:\/\/maglificioessepi.net\/#organization\",\"name\":\"Maglificio Essepi\",\"url\":\"https:\/\/maglificioessepi.net\/\",\"logo\":{\"@type\":\"ImageObject\",\"inLanguage\":\"es\",\"@id\":\"https:\/\/maglificioessepi.net\/#\/schema\/logo\/image\/\",\"url\":\"https:\/\/maglificioessepi.net\/wp-content\/uploads\/2025\/09\/Essepi-logo.png\",\"contentUrl\":\"https:\/\/maglificioessepi.net\/wp-content\/uploads\/2025\/09\/Essepi-logo.png\",\"width\":420,\"height\":200,\"caption\":\"Maglificio Essepi\"},\"image\":{\"@id\":\"https:\/\/maglificioessepi.net\/#\/schema\/logo\/image\/\"}}]}<\/script>\n<!-- \/ Yoast SEO plugin. -->","yoast_head_json":{"title":"Empresa - Maglificio Essepi","robots":{"index":"index","follow":"follow","max-snippet":"max-snippet:-1","max-image-preview":"max-image-preview:large","max-video-preview":"max-video-preview:-1"},"canonical":"https:\/\/maglificioessepi.net\/es\/empresa\/","og_locale":"es_ES","og_type":"article","og_title":"Empresa - Maglificio Essepi","og_description":"Empresa Desde 1952, la tradici\u00f3n toma forma en Maglia. Essepi es una f\u00e1brica artesanal de prendas de punto fundada en la Toscana en 1952, con m\u00e1s de 70 a\u00f1os de experiencia en prendas de punto de alta calidad.Somos una empresa familiar desde hace tres generaciones y combinamos tradici\u00f3n e innovaci\u00f3n en la confecci\u00f3n de prendas [&hellip;]","og_url":"https:\/\/maglificioessepi.net\/es\/empresa\/","og_site_name":"Maglificio Essepi","article_modified_time":"2025-12-11T08:53:02+00:00","twitter_card":"summary_large_image","twitter_misc":{"Tiempo de lectura":"3 minutos"},"schema":{"@context":"https:\/\/schema.org","@graph":[{"@type":"WebPage","@id":"https:\/\/maglificioessepi.net\/es\/empresa\/","url":"https:\/\/maglificioessepi.net\/es\/empresa\/","name":"Empresa - Maglificio Essepi","isPartOf":{"@id":"https:\/\/maglificioessepi.net\/#website"},"datePublished":"2020-08-17T14:42:04+00:00","dateModified":"2025-12-11T08:53:02+00:00","breadcrumb":{"@id":"https:\/\/maglificioessepi.net\/es\/empresa\/#breadcrumb"},"inLanguage":"es","potentialAction":[{"@type":"ReadAction","target":["https:\/\/maglificioessepi.net\/es\/empresa\/"]}]},{"@type":"BreadcrumbList","@id":"https:\/\/maglificioessepi.net\/es\/empresa\/#breadcrumb","itemListElement":[{"@type":"ListItem","position":1,"name":"Home","item":"https:\/\/maglificioessepi.net\/"},{"@type":"ListItem","position":2,"name":"Empresa"}]},{"@type":"WebSite","@id":"https:\/\/maglificioessepi.net\/#website","url":"https:\/\/maglificioessepi.net\/","name":"Maglificio Essepi","description":"Maglieria italiana per brand dal 1952","publisher":{"@id":"https:\/\/maglificioessepi.net\/#organization"},"potentialAction":[{"@type":"SearchAction","target":{"@type":"EntryPoint","urlTemplate":"https:\/\/maglificioessepi.net\/?s={search_term_string}"},"query-input":{"@type":"PropertyValueSpecification","valueRequired":true,"valueName":"search_term_string"}}],"inLanguage":"es"},{"@type":"Organization","@id":"https:\/\/maglificioessepi.net\/#organization","name":"Maglificio Essepi","url":"https:\/\/maglificioessepi.net\/","logo":{"@type":"ImageObject","inLanguage":"es","@id":"https:\/\/maglificioessepi.net\/#\/schema\/logo\/image\/","url":"https:\/\/maglificioessepi.net\/wp-content\/uploads\/2025\/09\/Essepi-logo.png","contentUrl":"https:\/\/maglificioessepi.net\/wp-content\/uploads\/2025\/09\/Essepi-logo.png","width":420,"height":200,"caption":"Maglificio Essepi"},"image":{"@id":"https:\/\/maglificioessepi.net\/#\/schema\/logo\/image\/"}}]}},"_links":{"self":[{"href":"https:\/\/maglificioessepi.net\/es\/wp-json\/wp\/v2\/pages\/2979","targetHints":{"allow":["GET"]}}],"collection":[{"href":"https:\/\/maglificioessepi.net\/es\/wp-json\/wp\/v2\/pages"}],"about":[{"href":"https:\/\/maglificioessepi.net\/es\/wp-json\/wp\/v2\/types\/page"}],"author":[{"embeddable":true,"href":"https:\/\/maglificioessepi.net\/es\/wp-json\/wp\/v2\/users\/1"}],"replies":[{"embeddable":true,"href":"https:\/\/maglificioessepi.net\/es\/wp-json\/wp\/v2\/comments?post=2979"}],"version-history":[{"count":1,"href":"https:\/\/maglificioessepi.net\/es\/wp-json\/wp\/v2\/pages\/2979\/revisions"}],"predecessor-version":[{"id":2980,"href":"https:\/\/maglificioessepi.net\/es\/wp-json\/wp\/v2\/pages\/2979\/revisions\/2980"}],"wp:attachment":[{"href":"https:\/\/maglificioessepi.net\/es\/wp-json\/wp\/v2\/media?parent=2979"}],"curies":[{"name":"wp","href":"https:\/\/api.w.org\/{rel}","templated":true}]}}